{"id":1954,"date":"2025-12-14T13:34:37","date_gmt":"2025-12-14T13:34:37","guid":{"rendered":"https:\/\/www.pranaworks.lu\/?page_id=1954"},"modified":"2026-01-29T11:08:59","modified_gmt":"2026-01-29T11:08:59","slug":"kurse-classes","status":"publish","type":"page","link":"https:\/\/www.pranaworks.lu\/en\/kurse-classes\/","title":{"rendered":"Kurse\/Classes"},"content":{"rendered":"<p class=\"qtranxs-available-languages-message qtranxs-available-languages-message-en\"> <\/p><p>F\u00fcr die Anmeldung k\u00f6nnen die TrainerInnen direkt kontaktiert werden.\ud83c\udde9\ud83c\uddea<\/p>\n<p>Contact the Trainers to join a class.\ud83c\uddec\ud83c\udde7<\/p>\n<p>Pour participer, veuillez contacter l&#8217;entraineur.\ud83c\uddeb\ud83c\uddf7<\/p>\n<p><strong>Yoga Susanne M\u00f6nch \ud83c\udde9\ud83c\uddea<\/strong><\/p>\n<p>Alle Kurse finden<strong> Montags<\/strong> statt. 4 Kurse von 15h30 bis 21h. F\u00fcr Anf\u00e4nger geeignet.<\/p>\n<p>1. Stretch&amp;Relax 15h30-16h30<\/p>\n<p>2.Basic-Yoga 16h45-18h<\/p>\n<p>3.Faszien Yoga 18h15-19h15<\/p>\n<p>4.Asthanga-Yoga 19h30-21h<\/p>\n<p>An diesen Tagen: 15.12, 22.12, 05.01, 19.01, 26.01, 02.02, 09.02, 23.02, 02.03, 09.03<\/p>\n<p>Anmeldung: www.yoga-susanne.com<\/p>\n<p>&nbsp;<\/p>\n<p><strong>You-flow Yoga Lea Schroeder \ud83c\uddec\ud83c\udde7<\/strong><\/p>\n<p>Starting 22.01<\/p>\n<p><strong>Thursdays \u00a0 \u00a0 <\/strong>18h30 You-flow Yoga All Levels 60min.<\/p>\n<p>19h45 Vinyasa flow 75 min. Intermediate<\/p>\n<p><strong>Saturdays<\/strong> \u00a0 \u00a0 \u00a0 9h30 You-flow 60min.<\/p>\n<p>10h45 Vinyasa 90min.<\/p>\n<p>Contact : +352 691 631 709<\/p>\n<p>www.momoyoga.com\/you-flow\/teacher-profile<\/p>\n<p>&nbsp;<\/p>\n<p><strong>Yoga Christiane Marx \ud83c\uddeb\ud83c\uddf7<\/strong><\/p>\n<p>Hatha Yoga &#8211; tous les<strong> jeudis<\/strong>!<\/p>\n<p>16h30-18h10<\/p>\n<p>Au programme: renforcer et assouplir le corps en douceur, se recentrer, respirer en pleine conscience, plonger dans la m\u00e9ditation. Ouverts \u00e0 tous les niveaux, d\u00e9butants bienvenus!<\/p>\n<p>Infos: chrismarx.yoga@gmail.com<\/p>\n<p>&nbsp;<\/p>\n<p><strong>Hatha Yoga with Martina \ud83c\uddec\ud83c\udde7<\/strong><\/p>\n<p><strong>Sundays<\/strong> 10h<\/p>\n<p>My classes are slow paced, gradually moving from asana to asana, with sequences progressing step by step. They focus on the right alignment and detail in practice. Props are used to enrich the experience. They are beginners level classes suitable for adults, young adults and those of an age that feel young at heart. Prior experience is not necessary. I teach in English, but also speak French and Croatian. I am looking forward to seeing you in the class so we can together start a rich journey of self-discovery.<\/p>\n<p>Martina<\/p>\n<p>Tel. +352 621 487 487<\/p>\n<p>&nbsp;<\/p>\n<p>&nbsp;<\/p>\n<p>&nbsp;<\/p>\n<p>&nbsp;<\/p>\n<p>&nbsp;<\/p>","protected":false},"excerpt":{"rendered":"<p>F\u00fcr die Anmeldung k\u00f6nnen die TrainerInnen direkt kontaktiert werden.\ud83c\udde9\ud83c\uddea Contact the Trainers to join a class.\ud83c\uddec\ud83c\udde7 Pour participer, veuillez contacter l&#8217;entraineur.\ud83c\uddeb\ud83c\uddf7 Yoga Susanne M\u00f6nch \ud83c\udde9\ud83c\uddea Alle Kurse finden Montags statt. 4 Kurse von 15h30 bis 21h. F\u00fcr Anf\u00e4nger geeignet. 1. Stretch&amp;Relax 15h30-16h30 2.Basic-Yoga 16h45-18h 3.Faszien Yoga 18h15-19h15 4.Asthanga-Yoga 19h30-21h An diesen Tagen: 15.12, 22.12, 05.01, [&hellip;]<\/p>\n","protected":false},"author":4,"featured_media":0,"parent":0,"menu_order":2,"comment_status":"closed","ping_status":"closed","template":"","meta":[],"_links":{"self":[{"href":"https:\/\/www.pranaworks.lu\/en\/wp-json\/wp\/v2\/pages\/1954"}],"collection":[{"href":"https:\/\/www.pranaworks.lu\/en\/wp-json\/wp\/v2\/pages"}],"about":[{"href":"https:\/\/www.pranaworks.lu\/en\/wp-json\/wp\/v2\/types\/page"}],"author":[{"embeddable":true,"href":"https:\/\/www.pranaworks.lu\/en\/wp-json\/wp\/v2\/users\/4"}],"replies":[{"embeddable":true,"href":"https:\/\/www.pranaworks.lu\/en\/wp-json\/wp\/v2\/comments?post=1954"}],"version-history":[{"count":12,"href":"https:\/\/www.pranaworks.lu\/en\/wp-json\/wp\/v2\/pages\/1954\/revisions"}],"predecessor-version":[{"id":1971,"href":"https:\/\/www.pranaworks.lu\/en\/wp-json\/wp\/v2\/pages\/1954\/revisions\/1971"}],"wp:attachment":[{"href":"https:\/\/www.pranaworks.lu\/en\/wp-json\/wp\/v2\/media?parent=1954"}],"curies":[{"name":"wp","href":"https:\/\/api.w.org\/{rel}","templated":true}]}}