{"id":275,"date":"2021-08-02T16:48:35","date_gmt":"2021-08-02T15:48:35","guid":{"rendered":"https:\/\/www.pranaworks.lu\/?page_id=275"},"modified":"2021-09-27T09:59:55","modified_gmt":"2021-09-27T08:59:55","slug":"agb","status":"publish","type":"page","link":"https:\/\/www.pranaworks.lu\/en\/agb\/","title":{"rendered":"AGB\u00b4s"},"content":{"rendered":"<p class=\"qtranxs-available-languages-message qtranxs-available-languages-message-en\"> <\/p><p><\/p>\n<div>&#8211; Prana Works SARL hat seinen Sitz in 15 Rue du Village L-6140 Junglinster<\/div>\n<div><\/div>\n<div>&#8211; Numero\u00a0RCS: B251779<\/div>\n<div><\/div>\n<div>&#8211; Als Klient wird ein zahlender Kunde bezeichnet, der einen Kurs, Einzelkurs oder eine Behandlung bucht.<\/div>\n<div><\/div>\n<div>&#8211; Die Buchung aller Kurse und Behandlungen erfolgt online auf <a href=\"http:\/\/pranaworks.lu\/\">pranaworks.lu<\/a>, telefonisch (+352 621471111) oder vor Ort an der Rezeption.<\/div>\n<div>\u00dcber Email kann kein Kurs gebucht werden.<\/div>\n<div><\/div>\n<div>&#8211; Die Buchung muss 24h vor Beginn des Kurses stattfinden.<\/div>\n<div>Spontane Buchungen sind m\u00f6glich aber ohne Garantie dass ein Platz frei ist.<\/div>\n<div><\/div>\n<div>&#8211; Die Preise werden online auf <a href=\"http:\/\/pranaworks.lu\/\">pranaworks.lu<\/a> angezeigt.<\/div>\n<div>Preis\u00e4nderungen sind m\u00f6glich<\/div>\n<div><\/div>\n<div>&#8211; Die Bezahlung der Kurse erfolgt online auf <a href=\"http:\/\/pranaworks.lu\/\">pranaworks.lu<\/a> oder vor Ort an der Rezeption. Der Klient bekommt immer eine Rechnung von Pana Works SARL.<\/div>\n<div><\/div>\n<div>&#8211; Die Bezahlung erfolgt vor Kursbeginn.<\/div>\n<div><\/div>\n<div>&#8211; Der Klient bekommt eine Stempelkarte, der 11. Kursbesuch ist kostenlos.<\/div>\n<div><\/div>\n<div>&#8211; Der Klient muss sich vor Kursbeginn an der Rezeption melden und erscheint am besten 10 min vor Kursbeginn<\/div>\n<div><\/div>\n<div>&#8211; Bei einer Absage des Klienten, 24h vor Kursbeginn, wird 100% des Geldes zur\u00fcckerstattet. Bei einer Absage am selben Tag muss der Kursbeitrag bezahlt werden. Eine Absage kann telefonisch erfolgen sowie per SMS oder Mail.<\/div>\n<div><\/div>\n<div>&#8211; Bei einer Kursabsage durch Prana Works wird 100% des Geldes zur\u00fcckerstattet<\/div>\n<div><\/div>\n<div>&#8211; Das Besuchen der Kurse sowie das Verstauen der Wertsachen unterliegt der Verantwortung des Klienten. Prana Works SARL \u00fcbernimmt keine Verantwortung bei Verlust oder Besch\u00e4digung der Wertsachen sowie bei physischer Verletzung des Klienten.<\/div>\n<div><\/div>\n<div>-F\u00fcr das Seminar Prana 1 gelten andere Anmeldungsfristen. 4 Tage vor Kursbeginn schlie\u00dft die Anmeldungsm\u00f6glichkeit.<\/div>\n<div>Bei einer Absage des Klienten 4 Tage vor Kursbeginn wird 50% des Betrages verrechnet. Bei einer Absage 48h vor Kursbeginn wird 100% des Betrages verrechnet.<\/div>\n<p><\/p>","protected":false},"excerpt":{"rendered":"<p>&#8211; Prana Works SARL hat seinen Sitz in 15 Rue du Village L-6140 Junglinster &#8211; Numero\u00a0RCS: B251779 &#8211; Als Klient wird ein zahlender Kunde bezeichnet, der einen Kurs, Einzelkurs oder eine Behandlung bucht. &#8211; Die Buchung aller Kurse und Behandlungen erfolgt online auf pranaworks.lu, telefonisch (+352 621471111) oder vor Ort an der Rezeption. \u00dcber Email [&hellip;]<\/p>\n","protected":false},"author":3,"featured_media":330,"parent":0,"menu_order":7,"comment_status":"closed","ping_status":"closed","template":"template-text.php","meta":[],"_links":{"self":[{"href":"https:\/\/www.pranaworks.lu\/en\/wp-json\/wp\/v2\/pages\/275"}],"collection":[{"href":"https:\/\/www.pranaworks.lu\/en\/wp-json\/wp\/v2\/pages"}],"about":[{"href":"https:\/\/www.pranaworks.lu\/en\/wp-json\/wp\/v2\/types\/page"}],"author":[{"embeddable":true,"href":"https:\/\/www.pranaworks.lu\/en\/wp-json\/wp\/v2\/users\/3"}],"replies":[{"embeddable":true,"href":"https:\/\/www.pranaworks.lu\/en\/wp-json\/wp\/v2\/comments?post=275"}],"version-history":[{"count":1,"href":"https:\/\/www.pranaworks.lu\/en\/wp-json\/wp\/v2\/pages\/275\/revisions"}],"predecessor-version":[{"id":276,"href":"https:\/\/www.pranaworks.lu\/en\/wp-json\/wp\/v2\/pages\/275\/revisions\/276"}],"wp:featuredmedia":[{"embeddable":true,"href":"https:\/\/www.pranaworks.lu\/en\/wp-json\/wp\/v2\/media\/330"}],"wp:attachment":[{"href":"https:\/\/www.pranaworks.lu\/en\/wp-json\/wp\/v2\/media?parent=275"}],"curies":[{"name":"wp","href":"https:\/\/api.w.org\/{rel}","templated":true}]}}