{"id":1876,"date":"2024-10-08T13:38:42","date_gmt":"2024-10-08T12:38:42","guid":{"rendered":"https:\/\/www.pranaworks.lu\/?post_type=product&#038;p=1876"},"modified":"2025-04-24T15:43:44","modified_gmt":"2025-04-24T14:43:44","slug":"hatha-yin-yoga-mit-katrin","status":"publish","type":"product","link":"https:\/\/www.pranaworks.lu\/en\/product\/hatha-yin-yoga-mit-katrin\/","title":{"rendered":"Hatha\/Yin Yoga mit Katrin"},"content":{"rendered":"<p class=\"qtranxs-available-languages-message qtranxs-available-languages-message-en\"> <\/p><p><\/p>\n<p style=\"font-weight: 400;\">Mein Schwerpunkt liegt im Hatha Yoga und im \u00a0\u201ePranayama\u201c, den Atem- \u00dcbungen. Jede Bewegung folgt dem Atem. In meinen Kursen lernen wir verschiedene Atemtechniken kennen, sowie kraftvolle und flexible K\u00f6rperhaltungen. Mein Unterrichtsstil ist spielerisch und pers\u00f6nlich. Ich passe das Niveau an die Gruppe an und versuche, Menschen dazu zu inspirieren, gesund zu leben und Spa\u00df an der Yoga-Praxis zu haben. Diese wird die Energie und Freude im Alltag steigern. Ein starker und flexibler K\u00f6rper bildet ein starker und flexibler Geist. Der Mensch kann sich zu jedem Zeitpunkt ver\u00e4ndern und weiter wachsen.<\/p>\n<p style=\"font-weight: 400;\">Yoga ist viel mehr als nur Training oder Meditation. Es geht um die Entwicklung der Pers\u00f6nlichkeit, denn diese ist die Grundlage unserer Wahrnehmung und unseres Handelns. Ich freue mich darauf, dich kennen zu lernen und gemeinsam zu praktizieren.<\/p>\n<p>&nbsp;<\/p>\n<p>Anmeldung SportClubWorks tel. 621311239 oder Mail info@pranaworks.lu<\/p>\n<p>oder bei Katrin tel.<\/p>\n<p style=\"font-weight: 400;\">661 853 234<\/p>\n<p>Preise<\/p>\n<p>25\u20ac pro Kurs oder 5er Paket 115\u20ac 10er Paket 220\u20ac<\/p>\n<p>Pakete nutzbar fur alle Kurse.<\/p>","protected":false},"excerpt":{"rendered":"<p class=\"qtranxs-available-languages-message qtranxs-available-languages-message-en\">\n<p>Yoga ist viel mehr als nur Training oder Meditation<\/p>\n","protected":false},"featured_media":1877,"comment_status":"closed","ping_status":"closed","template":"","meta":[],"_links":{"self":[{"href":"https:\/\/www.pranaworks.lu\/en\/wp-json\/wp\/v2\/product\/1876"}],"collection":[{"href":"https:\/\/www.pranaworks.lu\/en\/wp-json\/wp\/v2\/product"}],"about":[{"href":"https:\/\/www.pranaworks.lu\/en\/wp-json\/wp\/v2\/types\/product"}],"replies":[{"embeddable":true,"href":"https:\/\/www.pranaworks.lu\/en\/wp-json\/wp\/v2\/comments?post=1876"}],"wp:featuredmedia":[{"embeddable":true,"href":"https:\/\/www.pranaworks.lu\/en\/wp-json\/wp\/v2\/media\/1877"}],"wp:attachment":[{"href":"https:\/\/www.pranaworks.lu\/en\/wp-json\/wp\/v2\/media?parent=1876"}],"curies":[{"name":"wp","href":"https:\/\/api.w.org\/{rel}","templated":true}]}}