{"id":218,"date":"2021-08-01T12:15:32","date_gmt":"2021-08-01T11:15:32","guid":{"rendered":"https:\/\/www.pranaworks.lu\/?post_type=product&#038;p=218"},"modified":"2025-04-24T16:01:02","modified_gmt":"2025-04-24T15:01:02","slug":"yoga-anfaenger","status":"publish","type":"product","link":"https:\/\/www.pranaworks.lu\/en\/product\/yoga-anfaenger\/","title":{"rendered":"Yoga &#8211; Anf\u00e4nger"},"content":{"rendered":"<p class=\"qtranxs-available-languages-message qtranxs-available-languages-message-en\"> <\/p><p>Hatha Yoga.<\/p>\n<p class=\"p1\"><span class=\"s1\">St\u00e4rkt den K\u00f6rper, bringt Ruhe, Kraft, Bewusstsein.<\/span><\/p>\n<p class=\"p1\"><span class=\"s1\">F\u00fcr jung und alt, beweglich oder unbeweglich, jeder ist willkommen. Jeder Teilnehmer wird in die Lage versetzt seine eigenen k\u00f6rperlichen Grenzen zu erkennen und diese in den einzelnen \u00dcbungen, unter Anleitung, bewusst zu respektieren um sicher und ohne Verletzung \u00fcber sich hinauszuwachsen.<\/span><\/p>\n<p class=\"p1\"><span class=\"s1\">Starte jetzt mit Yoga.<\/span><\/p>\n<p class=\"p1\"><span class=\"s1\">Durch die gesundheitsf\u00f6rdernden \u00dcbungen wirst du von Woche zu Woche beweglicher, widerstandsf\u00e4higer, kraftvoller, klarer und ruhiger.<\/span><\/p>\n<p class=\"p1\"><span class=\"s1\">Ein wahrer Genuss, der deine Batterien wieder aufl\u00e4dt.<\/span><\/p>\n<p><strong>Dauer: 75 min<\/strong><\/p>\n<p><strong>Preise:\u00a0<\/strong><\/p>\n<p><strong>5er Paket 115 \u20ac oder 10er Packet 220 \u20ac &#8211;\u00a0Die Zahlung der Pakete erfolgt an der Rezeption.<\/strong><\/p>\n<p><strong>Einzelkurs 25 \u20ac<\/strong><\/p>\n<p><strong>Studenten: 5er f\u00fcr 90 \u20ac und 10er f\u00fcr 170 \u20ac \/ Drop in 20 \u20ac<\/strong><\/p>\n<p>&nbsp;<\/p>","protected":false},"excerpt":{"rendered":"<p class=\"qtranxs-available-languages-message qtranxs-available-languages-message-en\">\n<p class=\"p1\"><span class=\"s1\">St\u00e4rkt den K\u00f6rper, bringt Ruhe, Kraft, Bewusstsein.<\/span><\/p>\n<p class=\"p1\">\n","protected":false},"featured_media":318,"comment_status":"closed","ping_status":"closed","template":"","meta":[],"_links":{"self":[{"href":"https:\/\/www.pranaworks.lu\/en\/wp-json\/wp\/v2\/product\/218"}],"collection":[{"href":"https:\/\/www.pranaworks.lu\/en\/wp-json\/wp\/v2\/product"}],"about":[{"href":"https:\/\/www.pranaworks.lu\/en\/wp-json\/wp\/v2\/types\/product"}],"replies":[{"embeddable":true,"href":"https:\/\/www.pranaworks.lu\/en\/wp-json\/wp\/v2\/comments?post=218"}],"wp:featuredmedia":[{"embeddable":true,"href":"https:\/\/www.pranaworks.lu\/en\/wp-json\/wp\/v2\/media\/318"}],"wp:attachment":[{"href":"https:\/\/www.pranaworks.lu\/en\/wp-json\/wp\/v2\/media?parent=218"}],"curies":[{"name":"wp","href":"https:\/\/api.w.org\/{rel}","templated":true}]}}