{"id":286,"date":"2021-08-01T12:25:02","date_gmt":"2021-08-01T11:25:02","guid":{"rendered":"https:\/\/www.pranaworks.lu\/?post_type=product&#038;p=286"},"modified":"2022-02-07T17:20:58","modified_gmt":"2022-02-07T17:20:58","slug":"prana-1-seminar","status":"publish","type":"product","link":"https:\/\/www.pranaworks.lu\/en\/product\/prana-1-seminar\/","title":{"rendered":"Prana 1 Seminar"},"content":{"rendered":"<p class=\"qtranxs-available-languages-message qtranxs-available-languages-message-en\"> <\/p><p>Die ideale Erweiterung der eigenen Hausapotheke und der Start als Prana Anwender.<br \/>\nWerden Sie diplomierter Prana 1 Anwender und behandeln Sie sich und Ihre Mitmenschen bei Schmerzen und Krankheiten sowie als Vorbeugung.<\/p>\n<p>Steigern Sie Ihre Leistungsf\u00e4higkeit und erleben Sie eine schnellere Regeneration Ihres K\u00f6rpers. Mit Prana k\u00f6nnen Sie in kurzer Zeit eine tiefere Entspannung erfahren.<\/p>\n<p>Jeder mit der Bereitschaft zu helfen, kann Prana Energiearbeit problemlos Schritt f\u00fcr Schritt erlernen. Dies ist auch eine sinnvolle Fortbildung f\u00fcr Menschen in Gesundheitsberufen oder Yogalehrer.<\/p>\n<p>Prana 1 kann der Start in Ihre Selbst\u00e4ndigkeit werden und der Beginn f\u00fcr die volle Ausbildung Prana 2\/3\/4, falls Interesse besteht.<\/p>\n<p>Dauer der Fortbildung:<\/p>\n<p>20 Unterrichtseinheiten\/ 2 Tage 9h-19h.<\/p>\n<p>Auf Anfrage auch 5 Abendkurse je 4 Stunden in der Woche.<\/p>\n<p>Inhalt:<\/p>\n<ul>\n<li>Was ist Prana Energiearbeit?<\/li>\n<li>Grundlagen Energiek\u00f6rper, Chakras, Prana.<\/li>\n<li>Wie behandeln?<\/li>\n<li>Besprechung verschiedener Erkrankungen.<\/li>\n<li>Praktische \u00dcbungen.<\/li>\n<li>Atem\u00fcbungen.<\/li>\n<li>Fernanwendungen.<\/li>\n<li>Meditation und \u00a0Zwei-Herz Meditation.<\/li>\n<li>Spirituelle Themen.<\/li>\n<li>Diplom Prana 1<\/li>\n<\/ul>\n<p><\/p>","protected":false},"excerpt":{"rendered":"<p class=\"qtranxs-available-languages-message qtranxs-available-languages-message-en\">\n<p>Momentan nicht buchbar<\/p>\n","protected":false},"featured_media":154,"comment_status":"closed","ping_status":"closed","template":"","meta":[],"_links":{"self":[{"href":"https:\/\/www.pranaworks.lu\/en\/wp-json\/wp\/v2\/product\/286"}],"collection":[{"href":"https:\/\/www.pranaworks.lu\/en\/wp-json\/wp\/v2\/product"}],"about":[{"href":"https:\/\/www.pranaworks.lu\/en\/wp-json\/wp\/v2\/types\/product"}],"replies":[{"embeddable":true,"href":"https:\/\/www.pranaworks.lu\/en\/wp-json\/wp\/v2\/comments?post=286"}],"wp:featuredmedia":[{"embeddable":true,"href":"https:\/\/www.pranaworks.lu\/en\/wp-json\/wp\/v2\/media\/154"}],"wp:attachment":[{"href":"https:\/\/www.pranaworks.lu\/en\/wp-json\/wp\/v2\/media?parent=286"}],"curies":[{"name":"wp","href":"https:\/\/api.w.org\/{rel}","templated":true}]}}