{"id":213,"date":"2021-08-01T12:00:50","date_gmt":"2021-08-01T11:00:50","guid":{"rendered":"https:\/\/www.pranaworks.lu\/?post_type=product&#038;p=213"},"modified":"2025-04-24T15:59:10","modified_gmt":"2025-04-24T14:59:10","slug":"prana-behandlung-lin-behandlung","status":"publish","type":"product","link":"https:\/\/www.pranaworks.lu\/fr\/product\/prana-behandlung-lin-behandlung\/","title":{"rendered":"Yoga &#8211; Fortgeschrittene"},"content":{"rendered":"<p class=\"qtranxs-available-languages-message qtranxs-available-languages-message-fr\"> <\/p><p><\/p>\n<p class=\"p1\"><span class=\"s1\">Die Prana-Behandlung ist in der Lage den K\u00f6rper in seiner Selbstheilung wirkungsvoll zu unterst\u00fctzen. Dar\u00fcber hinaus kann die Prana-Behandlung sehr wohltuend f\u00fcr eine gesunde psychische Balance sein und wird oft bei stressbedingten Krankheiten eingesetzt, bei Depression aber auch bei k\u00f6rperlicher Regeneration.<\/span><\/p>\n<p class=\"p1\"><span class=\"s1\">Der Ablauf der Behandlung: Erstgespr\u00e4ch mit Zielsetzung, Informationen \u00fcber Energiearbeit.<\/span><\/p>\n<p class=\"p1\"><span class=\"s1\">Die eigentliche Behandlung besteht aus 3 Schritten: 1. Scanning oder das Erfassen von Energiestau oder Energiemangel 2. Reinigung von verbrauchter Energie 3. Energetisieren der Energiepunkte.<\/span><\/p>\n<p>&nbsp;<\/p>\n<p>&nbsp;<\/p>\n<p class=\"p1\"><span class=\"s1\">Die Methode LIN ist von Jana Thann aus dem Institut f\u00fcr Energiearbeit Wien entwickelt worden und beinhaltet mentale \u00dcbungen um Balast oder\u00a0Traumata loszulassen. Diese \u00dcbungen werden nach Bedarf eingesetzt und k\u00f6nnen zuhause weiter ge\u00fcbt werden.<\/span><\/p>\n<p class=\"p1\"><span class=\"s1\">Die Prana-Behandlung und LIN-Behandlung ersetzen nie den Arztbesuch, stellen keine Diagnosen und verstehen sich als komplement\u00e4re Arbeit zur medizinischen Behandlung.<\/span><\/p>\n<p class=\"p1\"><span class=\"s1\">Rufen\u00a0Sie gerne an f\u00fcr weitere Informationen.<\/span><\/p>\n<p><strong>Preis Erstgespr\u00e4ch\u00a0<\/strong> \u00a0 <strong>\u00a050 \u20ac<\/strong><\/p>\n<p><strong>Regul\u00e4r \u00a0 \u00a0 \u00a0 \u00a0 \u00a0 \u00a0 \u00a0 \u00a0 \u00a0 \u00a0 \u00a0 \u00a0 \u00a0 70 \u20ac<\/strong><\/p>\n<p><strong>3er Packet \u00a0 \u00a0 \u00a0 \u00a0 \u00a0 \u00a0 \u00a0 \u00a0 \u00a0 \u00a0 \u00a0190 \u20ac<\/strong><\/p>","protected":false},"excerpt":{"rendered":"<p class=\"qtranxs-available-languages-message qtranxs-available-languages-message-fr\">\n<p><span class=\"s1\">Prana Behandlung. Bitte telefonisch oder per Mail Termin ausmachen.<\/span><\/p>\n","protected":false},"featured_media":1450,"comment_status":"closed","ping_status":"closed","template":"","meta":[],"_links":{"self":[{"href":"https:\/\/www.pranaworks.lu\/fr\/wp-json\/wp\/v2\/product\/213"}],"collection":[{"href":"https:\/\/www.pranaworks.lu\/fr\/wp-json\/wp\/v2\/product"}],"about":[{"href":"https:\/\/www.pranaworks.lu\/fr\/wp-json\/wp\/v2\/types\/product"}],"replies":[{"embeddable":true,"href":"https:\/\/www.pranaworks.lu\/fr\/wp-json\/wp\/v2\/comments?post=213"}],"wp:featuredmedia":[{"embeddable":true,"href":"https:\/\/www.pranaworks.lu\/fr\/wp-json\/wp\/v2\/media\/1450"}],"wp:attachment":[{"href":"https:\/\/www.pranaworks.lu\/fr\/wp-json\/wp\/v2\/media?parent=213"}],"curies":[{"name":"wp","href":"https:\/\/api.w.org\/{rel}","templated":true}]}}