{"id":215,"date":"2021-08-01T12:10:38","date_gmt":"2021-08-01T11:10:38","guid":{"rendered":"https:\/\/www.pranaworks.lu\/?post_type=product&#038;p=215"},"modified":"2023-07-19T10:05:32","modified_gmt":"2023-07-19T09:05:32","slug":"yoga-einzelkurs-kleingruppe","status":"publish","type":"product","link":"https:\/\/www.pranaworks.lu\/fr\/product\/yoga-einzelkurs-kleingruppe\/","title":{"rendered":"Yoga &#8211; Anf\u00e4nger"},"content":{"rendered":"<p class=\"qtranxs-available-languages-message qtranxs-available-languages-message-fr\"> <\/p><p><\/p>\n<p class=\"p1\"><span class=\"s1\">Individuelle Betreuung f\u00fcr Yoga Anf\u00e4nger. \u00a0<\/span><\/p>\n<p>Willst du in einem Einzelkurs mit Yoga starten oder die k\u00f6rperlichen sowie Atem-\u00dcbungen und Meditation f\u00fcr deine k\u00f6rperliche Regeneration und geistige Entwicklung nutzen?<\/p>\n<p>Dann bist du hier richtig \ud83d\ude42<\/p>\n<p class=\"p1\"><span class=\"s1\">Im Einzelkurs kann intensiver auf die Bed\u00fcrfnisse des Teilnehmers eingegangen werden. <\/span><\/p>\n<p class=\"p1\"><span class=\"s1\">Die Privatgruppe ist bis auf 5 Teilnehmer begrenzt.<\/span><\/p>\n<p>Preis 1 Person 60\u20ac &#8211; 75 min.<\/p>\n<p>2 Personen je 30\u20ac &#8211; 75 min.<\/p>\n<p>&nbsp;<\/p>\n<p>&nbsp;<\/p>","protected":false},"excerpt":{"rendered":"<p class=\"qtranxs-available-languages-message qtranxs-available-languages-message-fr\">\n<div class=\"woocommerce-product-details__short-description\">\n<p class=\"p1\"><span class=\"s1\">Individuelle Betreuung.<\/span><\/p>\n<p>Auch Kleingruppe max. 5<\/p>\n<p>Bitte um telefonische Terminbuchung.<\/p>\n<p>&nbsp;<\/p>\n<p>&nbsp;<\/p>\n<\/div>\n","protected":false},"featured_media":155,"comment_status":"closed","ping_status":"closed","template":"","meta":[],"_links":{"self":[{"href":"https:\/\/www.pranaworks.lu\/fr\/wp-json\/wp\/v2\/product\/215"}],"collection":[{"href":"https:\/\/www.pranaworks.lu\/fr\/wp-json\/wp\/v2\/product"}],"about":[{"href":"https:\/\/www.pranaworks.lu\/fr\/wp-json\/wp\/v2\/types\/product"}],"replies":[{"embeddable":true,"href":"https:\/\/www.pranaworks.lu\/fr\/wp-json\/wp\/v2\/comments?post=215"}],"wp:featuredmedia":[{"embeddable":true,"href":"https:\/\/www.pranaworks.lu\/fr\/wp-json\/wp\/v2\/media\/155"}],"wp:attachment":[{"href":"https:\/\/www.pranaworks.lu\/fr\/wp-json\/wp\/v2\/media?parent=215"}],"curies":[{"name":"wp","href":"https:\/\/api.w.org\/{rel}","templated":true}]}}