{"id":491,"date":"2022-01-07T16:54:11","date_gmt":"2022-01-07T16:54:11","guid":{"rendered":"https:\/\/www.pranaworks.lu\/?post_type=product&#038;p=491"},"modified":"2025-01-07T15:46:40","modified_gmt":"2025-01-07T15:46:40","slug":"vini-yoga","status":"publish","type":"product","link":"https:\/\/www.pranaworks.lu\/fr\/product\/vini-yoga\/","title":{"rendered":"Yoga und Meditation"},"content":{"rendered":"<p class=\"qtranxs-available-languages-message qtranxs-available-languages-message-fr\"> <\/p><p>Das zentrale Ziel von Yoga ist in eine klare, mentale Ruhe zu kommen.<\/p>\n<p>Hier finden wir Kraft, Energie, Zuversicht und Vertrauen f\u00fcr unseren Alltag!<\/p>\n<p>So pr\u00e4gt der Gedanke der Meditation diesen Yoga Kurs: Ob in der Ausrichtung der Aufmerksamkeit auf den bewussten Atem in den K\u00f6rper- und Atem\u00fcbungen (Asana und Pranayama) oder in der Sitzmeditation.<\/p>\n<p>Die dynamischen, atemgef\u00fchrten K\u00f6rper\u00fcbungen aus dem Vini Yoga wirken dabei anregend wie ausgleichend in die Tiefenmuskulatur und l\u00f6sen Blockaden auf!<\/p>\n<p><strong>Dauer: 75 min<\/strong><\/p>\n<p><strong>Preise:\u00a0<\/strong><\/p>\n<p><strong>5er Paket 115 \u20ac oder 10er Packet 220 \u20ac &#8211;\u00a0Die Zahlung der Pakete erfolgt an der Rezeption.<\/strong><\/p>\n<p><strong>Einzelkurs 25 \u20ac <\/strong><\/p>\n<p><strong>Online-Teilnahme : 20 \u20ac und 5er Paket Online 90 \u20ac<\/strong><\/p>\n<p><strong>F\u00fcr die Online-Teilnahme oder Fragen zum Kurs bitte Angelika Nettemann kontaktieren:<\/strong><\/p>\n<p><strong>Angelika Nettemann<br \/>\nYogalehrerin BDY|EYU<br \/>\nMobil:+352 691 787809<br \/>\nA.Nettemann@lux-yoga.eu<br \/>\nwww.lux-yoga.eu<\/strong><\/p>\n<p><strong>\u00a0<\/strong><\/p>","protected":false},"excerpt":{"rendered":"<p class=\"qtranxs-available-languages-message qtranxs-available-languages-message-fr\">\n<p>Das zentrale Ziel von Yoga ist, in eine klare, mentale Ruhe zu kommen.<\/p>\n<p>Hier finden wir Kraft, Energie, Zuversicht und Vertrauen f\u00fcr unseren Alltag!<\/p>\n<p>&nbsp;<\/p>\n","protected":false},"featured_media":490,"comment_status":"closed","ping_status":"closed","template":"","meta":[],"_links":{"self":[{"href":"https:\/\/www.pranaworks.lu\/fr\/wp-json\/wp\/v2\/product\/491"}],"collection":[{"href":"https:\/\/www.pranaworks.lu\/fr\/wp-json\/wp\/v2\/product"}],"about":[{"href":"https:\/\/www.pranaworks.lu\/fr\/wp-json\/wp\/v2\/types\/product"}],"replies":[{"embeddable":true,"href":"https:\/\/www.pranaworks.lu\/fr\/wp-json\/wp\/v2\/comments?post=491"}],"wp:featuredmedia":[{"embeddable":true,"href":"https:\/\/www.pranaworks.lu\/fr\/wp-json\/wp\/v2\/media\/490"}],"wp:attachment":[{"href":"https:\/\/www.pranaworks.lu\/fr\/wp-json\/wp\/v2\/media?parent=491"}],"curies":[{"name":"wp","href":"https:\/\/api.w.org\/{rel}","templated":true}]}}